{"id":1303,"date":"2017-05-23T16:37:36","date_gmt":"2017-05-23T14:37:36","guid":{"rendered":"https:\/\/php8.plastv.de\/wirkstatt\/katrin\/?page_id=1303\/"},"modified":"2018-04-10T15:31:00","modified_gmt":"2018-04-10T13:31:00","slug":"kontakt","status":"publish","type":"page","link":"https:\/\/plas.tv\/?page_id=1303","title":{"rendered":"Kontakt"},"content":{"rendered":"\n<div class=\"wpcf7 no-js\" id=\"wpcf7-f5988-o1\" lang=\"de-DE\" dir=\"ltr\" data-wpcf7-id=\"5988\">\n<div class=\"screen-reader-response\"><p role=\"status\" aria-live=\"polite\" aria-atomic=\"true\"><\/p> <ul><\/ul><\/div>\n<form action=\"\/index.php?rest_route=%2Fwp%2Fv2%2Fpages%2F1303#wpcf7-f5988-o1\" method=\"post\" class=\"wpcf7-form init\" aria-label=\"Kontaktformular\" novalidate=\"novalidate\" data-status=\"init\">\n<fieldset class=\"hidden-fields-container\"><input type=\"hidden\" name=\"_wpcf7\" value=\"5988\" \/><input type=\"hidden\" name=\"_wpcf7_version\" value=\"6.1.1\" \/><input type=\"hidden\" name=\"_wpcf7_locale\" value=\"de_DE\" \/><input type=\"hidden\" name=\"_wpcf7_unit_tag\" value=\"wpcf7-f5988-o1\" \/><input type=\"hidden\" name=\"_wpcf7_container_post\" value=\"0\" \/><input type=\"hidden\" name=\"_wpcf7_posted_data_hash\" value=\"\" \/><input type=\"hidden\" name=\"_wpcf7_recaptcha_response\" value=\"\" \/>\n<\/fieldset>\n<p><label>Name (Pflichtfeld)<br \/>\n<span class=\"wpcf7-form-control-wrap\" data-name=\"your-name\"><input size=\"40\" maxlength=\"400\" class=\"wpcf7-form-control wpcf7-text wpcf7-validates-as-required\" aria-required=\"true\" aria-invalid=\"false\" value=\"\" type=\"text\" name=\"your-name\" \/><\/span> <\/label>\n<\/p>\n<p><label>E-Mail-Adresse (Pflichtfeld)<br \/>\n<span class=\"wpcf7-form-control-wrap\" data-name=\"your-email\"><input size=\"40\" maxlength=\"400\" class=\"wpcf7-form-control wpcf7-email wpcf7-validates-as-required wpcf7-text wpcf7-validates-as-email\" aria-required=\"true\" aria-invalid=\"false\" value=\"\" type=\"email\" name=\"your-email\" \/><\/span> <\/label>\n<\/p>\n<p><label>Betreff<span class=\"wpcf7-form-control-wrap\" data-name=\"your-subject\"><input size=\"40\" maxlength=\"400\" class=\"wpcf7-form-control wpcf7-text\" aria-invalid=\"false\" value=\"\" type=\"text\" name=\"your-subject\" \/><\/span> <\/label>\n<\/p>\n<p><label>Nachricht<span class=\"wpcf7-form-control-wrap\" data-name=\"your-message\"><textarea cols=\"40\" rows=\"10\" maxlength=\"2000\" class=\"wpcf7-form-control wpcf7-textarea\" aria-invalid=\"false\" name=\"your-message\"><\/textarea><\/span> <\/label>\n<\/p>\n<p><input class=\"wpcf7-form-control wpcf7-submit has-spinner\" type=\"submit\" value=\"Senden\" \/>\n<\/p><div class=\"wpcf7-response-output\" aria-hidden=\"true\"><\/div>\n<\/form>\n<\/div>\n\n<div class=\"mks_separator\" style=\"height: 2px;\"><\/div>\n<div class=\"mks_col \">\n<div class=\"mks_one_half \">\n<figure id=\"attachment_6261\" aria-describedby=\"caption-attachment-6261\" style=\"width: 150px\" class=\"wp-caption alignleft\"><img loading=\"lazy\" decoding=\"async\" class=\"wp-image-6261 size-thumbnail\" src=\"https:\/\/php8.plastv.de\/wp-content\/uploads\/2018\/04\/christine-hintersdorf-foto.1024x1024-150x120.jpg\" alt=\"\" width=\"150\" height=\"120\" \/><figcaption id=\"caption-attachment-6261\" class=\"wp-caption-text\">Redaktion:<\/br> Christine Hintersdorf<\/figcaption><\/figure>\n<\/div>\n<div class=\"mks_one_half \"><\/div>\n<\/div>\n<p>Plas.TV GmbH<br \/>\nJoseph-Baur-Stra\u00dfe 8<br \/>\nBusinesspark<br \/>\n86316 Friedberg\/Bayern<br \/>\nfon: +49 (0)821\/480 480-0<br \/>\nfax: +49 (0)821\/480 480-48<br \/>\nmail: redaktion(at)plas.tv<br \/>\nwww.plas.tv<\/p>\n<div class=\"mks_separator\" style=\"height: 2px;\"><\/div>\n<p><strong>Anreise Auto<\/strong><\/p>\n<p>\u00dcber A8 Stuttgart &#8211; Richtung M\u00fcnchen oder A8 M\u00fcnchen &#8211; Richtung Stuttgart, Ausfahrt Friedberg\/Derching, Umgehung Richtung Friedberg, Abfahrt Friedberg Businesspark, im Kreisverkehr Abfahrt Businesspark Friedberg in Paul-Lenz-Stra\u00dfe, danach 1. Stra\u00dfe rechts abbiegen in Joseph-Baur-Stra\u00dfe.<\/p>\n<p><strong>Anreise Bahn<\/strong><\/p>\n<p>Augsburg HBF &#8211; Taxi (ca.15 Min.)<br \/>\nFriedberg\/Bayern BHF &#8211; Taxi (ca. 5 Min.)<\/p>\n<p><strong>Anreise Flug<\/strong><\/p>\n<p>Flughafen M\u00fcnchen<br \/>\nweiter per Bahn Augsburg HBF bis BHF Friedberg\/Bayern<\/p>\n","protected":false},"excerpt":{"rendered":"<p>Plas.TV GmbH Joseph-Baur-Stra\u00dfe 8 Businesspark 86316 Friedberg\/Bayern fon: +49 (0)821\/480 480-0 fax: +49 (0)821\/480 480-48 mail: redaktion(at)plas.tv www.plas.tv Anreise Auto \u00dcber A8 Stuttgart &#8211; Richtung M\u00fcnchen oder A8 M\u00fcnchen &#8211; Richtung Stuttgart, Ausfahrt Friedberg\/Derching, Umgehung Richtung Friedberg, Abfahrt Friedberg Businesspark, im Kreisverkehr Abfahrt Businesspark Friedberg in Paul-Lenz-Stra\u00dfe, danach 1. Stra\u00dfe rechts abbiegen in Joseph-Baur-Stra\u00dfe. Anreise [&hellip;]<\/p>\n","protected":false},"author":1,"featured_media":0,"parent":0,"menu_order":18,"comment_status":"closed","ping_status":"closed","template":"","meta":{"footnotes":""},"class_list":["post-1303","page","type-page","status-publish","hentry"],"_links":{"self":[{"href":"https:\/\/plas.tv\/index.php?rest_route=\/wp\/v2\/pages\/1303","targetHints":{"allow":["GET"]}}],"collection":[{"href":"https:\/\/plas.tv\/index.php?rest_route=\/wp\/v2\/pages"}],"about":[{"href":"https:\/\/plas.tv\/index.php?rest_route=\/wp\/v2\/types\/page"}],"author":[{"embeddable":true,"href":"https:\/\/plas.tv\/index.php?rest_route=\/wp\/v2\/users\/1"}],"replies":[{"embeddable":true,"href":"https:\/\/plas.tv\/index.php?rest_route=%2Fwp%2Fv2%2Fcomments&post=1303"}],"version-history":[{"count":10,"href":"https:\/\/plas.tv\/index.php?rest_route=\/wp\/v2\/pages\/1303\/revisions"}],"predecessor-version":[{"id":6264,"href":"https:\/\/plas.tv\/index.php?rest_route=\/wp\/v2\/pages\/1303\/revisions\/6264"}],"wp:attachment":[{"href":"https:\/\/plas.tv\/index.php?rest_route=%2Fwp%2Fv2%2Fmedia&parent=1303"}],"curies":[{"name":"wp","href":"https:\/\/api.w.org\/{rel}","templated":true}]}}