{"id":3717,"date":"2017-12-15T09:39:21","date_gmt":"2017-12-15T08:39:21","guid":{"rendered":"https:\/\/php8.plastv.de\/?page_id=3717"},"modified":"2025-08-26T11:21:42","modified_gmt":"2025-08-26T09:21:42","slug":"ueber-uns","status":"publish","type":"page","link":"https:\/\/plas.tv\/?page_id=3717","title":{"rendered":"\u00dcber uns"},"content":{"rendered":"<p><strong>Was ist Plas.TV ?<\/strong><\/p>\n<p>Plas.TV ist das neue Fernsehen f\u00fcr die Kunststoffindustrie. Mit unseren Sendungen informieren wir \u00fcber die spannendsten Seiten dieser Branche. Von den Materialien \u00fcber die Prozesse, Herstellverfahren und Anwendungsm\u00f6glichkeiten bis hin zu Unternehmensmeldungen und Veranstaltungen: Plas.TV ist so abwechslungsreich wie die Kunststoffbranche selbst.<\/p>\n<p>Dabei setzen wir auf die langj\u00e4hrige Erfahrung unserer Mitarbeiter und die Expertise unseres umfangreichen Netzwerks. Geleitet wird der Sender von Prof. Dr. Hans-Josef Endres, Leiter des IfBB &#8211; Institut f\u00fcr Biokunststoffe und Bioverbundwerkstoffe der Hochschule Hannover, Fakult\u00e4t Maschinenbau und Bioverfahrenstechnik in Kooperation mit Guido Marschall, Gesch\u00e4ftsf\u00fchrender Gesellschafter der MARSCHALL MEDIEN GRUPPE und langj\u00e4hriger TV-Produzent. Die Kombination dieser beiden Kompetenzfelder sorgt f\u00fcr eine bislang einzigartige Professionalit\u00e4t in Sachen Sendequalit\u00e4t und Sendeinhalt.<\/p>\n<p>Nur wer die richtigen Fragen stellt, erh\u00e4lt sinnvolle Antworten und wird als Gespr\u00e4chspartner ernst genommen. Aus diesem Grunde haben wir einen Programmbeirat eingerichtet, in dem anerkannte Branchenexperten und f\u00fchrende Manager dieser Industrie \u00fcber Sendeinhalte und Trend-Themen abstimmen und das Sendeprogramm mit gestalten. Gemeinsam mit ihnen stellen wir sicher, dass unsere Sendungen die Anforderungen dieser Branche nicht nur erf\u00fcllen sondern \u00fcbertreffen.<\/p>\n<p>Wer in der Kunststoffindustrie etwas zu sagen hat, sagt es in PlasTV! Wir strahlen unser Programm im Internet aus und erreichen somit unsere Zuschauer \u00fcberall auf der Welt, rund um die Uhr.<\/p>\n<p>Alle Sendeformate, die Sie aus dem herk\u00f6mmlichen Fernsehen kennen, gibt es auch bei PlasTV: Nachrichten, Reportagen, Talk-Sendungen, Interviews und Filme.<\/p>\n<p>&nbsp;<\/p>\n","protected":false},"excerpt":{"rendered":"<p>Was ist Plas.TV ? Plas.TV ist das neue Fernsehen f\u00fcr die Kunststoffindustrie. Mit unseren Sendungen informieren wir \u00fcber die spannendsten Seiten dieser Branche. Von den Materialien \u00fcber die Prozesse, Herstellverfahren und Anwendungsm\u00f6glichkeiten bis hin zu Unternehmensmeldungen und Veranstaltungen: Plas.TV ist so abwechslungsreich wie die Kunststoffbranche selbst. Dabei setzen wir auf die langj\u00e4hrige Erfahrung unserer Mitarbeiter [&hellip;]<\/p>\n","protected":false},"author":1,"featured_media":0,"parent":0,"menu_order":19,"comment_status":"closed","ping_status":"closed","template":"","meta":{"footnotes":""},"class_list":["post-3717","page","type-page","status-publish","hentry"],"_links":{"self":[{"href":"https:\/\/plas.tv\/index.php?rest_route=\/wp\/v2\/pages\/3717","targetHints":{"allow":["GET"]}}],"collection":[{"href":"https:\/\/plas.tv\/index.php?rest_route=\/wp\/v2\/pages"}],"about":[{"href":"https:\/\/plas.tv\/index.php?rest_route=\/wp\/v2\/types\/page"}],"author":[{"embeddable":true,"href":"https:\/\/plas.tv\/index.php?rest_route=\/wp\/v2\/users\/1"}],"replies":[{"embeddable":true,"href":"https:\/\/plas.tv\/index.php?rest_route=%2Fwp%2Fv2%2Fcomments&post=3717"}],"version-history":[{"count":9,"href":"https:\/\/plas.tv\/index.php?rest_route=\/wp\/v2\/pages\/3717\/revisions"}],"predecessor-version":[{"id":41967,"href":"https:\/\/plas.tv\/index.php?rest_route=\/wp\/v2\/pages\/3717\/revisions\/41967"}],"wp:attachment":[{"href":"https:\/\/plas.tv\/index.php?rest_route=%2Fwp%2Fv2%2Fmedia&parent=3717"}],"curies":[{"name":"wp","href":"https:\/\/api.w.org\/{rel}","templated":true}]}}